{"id":17,"date":"2020-11-04T04:50:38","date_gmt":"2020-11-04T04:50:38","guid":{"rendered":"https:\/\/scenergy.com.pe\/wp\/?page_id=17"},"modified":"2020-12-07T04:11:24","modified_gmt":"2020-12-07T04:11:24","slug":"home","status":"publish","type":"page","link":"https:\/\/scenergy.com.pe\/wp\/","title":{"rendered":"Home"},"content":{"rendered":"<h1 style=\"text-align: center;\"><strong>BIENVENIDOS<\/strong><em> A LA ENERGIA QUE ESTA CAMBIANDO NUESTRO FUTURO.<\/em><\/h1>\n<p><!--more--><\/p>\n<div>\n<div><\/div>\n<\/div>\n<div><\/div>\n<h2 style=\"text-align: center;\"><strong><span style=\"color: #333333;\">POR QUE LA ENERGIA SOLAR FOTOVOLTAICA CAMBIARA NUESTRO FUTURO<\/span><\/strong><\/h2>\n<div><\/div>\n<div>\n<h3>El Sol es la fuente de energ\u00eda m\u00e1s grande de nuestro sistema planetario y la radiaci\u00f3n que llega cada hora a la tierra desde el Sol tiene la potencia suficiente para abastecer de energ\u00eda a todo el planeta por un a\u00f1o. \u00bfPor qu\u00e9 no la aprovechamos como se debe?<\/h3>\n<h3>El Per\u00fa es uno de los pa\u00edses con mayor irradiaci\u00f3n solar del mundo pero sin embargo nuestro uso de esta energ\u00eda es m\u00ednimo, menos del 3% de la energ\u00eda que generamos proviene del Sol. Esto nos hace dependientes de energ\u00edas tradicionales generadas de fuentes hidr\u00e1ulicas, combustibles f\u00f3siles o gas, que son fuentes emisoras de grandes cantidades de CO2 a nuestra atmosfera, esta es una de las principales razones por las que nuestro planeta se encuentra al borde de una crisis ecol\u00f3gica mucho peor que cualquier pandemia o desastre natural.<\/h3>\n<h3>Es hora que cambiemos ya que todav\u00eda estamos a tiempo de salvar nuestro medio ambiente. Usando energ\u00edas renovables no solo reduciremos nuestros gastos en energ\u00eda el\u00e9ctrica sino que contribuiremos a mejorar el futuro de nuestro planeta asegurando un ma\u00f1ana para las generaciones futuras.<\/h3>\n<h3><img loading=\"lazy\" class=\"size-full wp-image-384 aligncenter\" src=\"https:\/\/scenergy.com.pe\/wp\/wp-content\/uploads\/2020\/12\/Map-Radiation.png\" alt=\"\" width=\"864\" height=\"561\" srcset=\"https:\/\/scenergy.com.pe\/wp\/wp-content\/uploads\/2020\/12\/Map-Radiation.png 864w, https:\/\/scenergy.com.pe\/wp\/wp-content\/uploads\/2020\/12\/Map-Radiation-300x195.png 300w, https:\/\/scenergy.com.pe\/wp\/wp-content\/uploads\/2020\/12\/Map-Radiation-768x499.png 768w\" sizes=\"(max-width: 864px) 100vw, 864px\" \/><\/h3>\n<\/div>\n","protected":false},"excerpt":{"rendered":"<p>BIENVENIDOS A LA ENERGIA QUE ESTA CAMBIANDO NUESTRO FUTURO.<\/p>\n","protected":false},"author":1,"featured_media":0,"parent":0,"menu_order":1,"comment_status":"closed","ping_status":"closed","template":"page-template\/custom-home-page.php","meta":[],"_links":{"self":[{"href":"https:\/\/scenergy.com.pe\/wp\/index.php?rest_route=\/wp\/v2\/pages\/17"}],"collection":[{"href":"https:\/\/scenergy.com.pe\/wp\/index.php?rest_route=\/wp\/v2\/pages"}],"about":[{"href":"https:\/\/scenergy.com.pe\/wp\/index.php?rest_route=\/wp\/v2\/types\/page"}],"author":[{"embeddable":true,"href":"https:\/\/scenergy.com.pe\/wp\/index.php?rest_route=\/wp\/v2\/users\/1"}],"replies":[{"embeddable":true,"href":"https:\/\/scenergy.com.pe\/wp\/index.php?rest_route=%2Fwp%2Fv2%2Fcomments&post=17"}],"version-history":[{"count":13,"href":"https:\/\/scenergy.com.pe\/wp\/index.php?rest_route=\/wp\/v2\/pages\/17\/revisions"}],"predecessor-version":[{"id":386,"href":"https:\/\/scenergy.com.pe\/wp\/index.php?rest_route=\/wp\/v2\/pages\/17\/revisions\/386"}],"wp:attachment":[{"href":"https:\/\/scenergy.com.pe\/wp\/index.php?rest_route=%2Fwp%2Fv2%2Fmedia&parent=17"}],"curies":[{"name":"wp","href":"https:\/\/api.w.org\/{rel}","templated":true}]}}